{"id":2,"date":"2019-03-22T14:07:06","date_gmt":"2019-03-22T14:07:06","guid":{"rendered":"http:\/\/www.stiftungmuehlegutknecht.ch\/?page_id=2"},"modified":"2019-04-01T08:46:51","modified_gmt":"2019-04-01T08:46:51","slug":"about","status":"publish","type":"page","link":"https:\/\/www.stiftungmuehlegutknecht.ch\/?page_id=2","title":{"rendered":"Richtlinien"},"content":{"rendered":"\n\t\t\t\t<img loading=\"lazy\" decoding=\"async\" src=\"https:\/\/www.stiftungmuehlegutknecht.ch\/wp-content\/uploads\/2019\/03\/gutknecht_logo-e1553264046966.jpg\" alt=\"gutknecht_logo\" itemprop=\"image\" height=\"171\" width=\"163\" title=\"gutknecht_logo\" onerror=\"this.style.display='none'\"  \/>\n<h1>\n\t\tStiftung M\u00fchle Gutknecht\n\t<\/h1>\n<h1>\n\t\tRichtlinien\n\t<\/h1>\n\t<p>Die Stiftung f\u00f6rdert die Aus- und Weiterbildung begabter ehemaliger Sch\u00fclerinnen und\u00a0Sch\u00fcler der Orientierungsschule Kerzers (OS Kerzers). Sie richtet Beitr\u00e4ge aus f\u00fcr Aus-\u00a0und Weiterbildungen in allen Bereichen, zum Beispiel in akademischer, sozialer,\u00a0sportlicher, gewerblicher, k\u00fcnstlerischer oder technischer Richtung.<\/p>\n\t<p><strong>Richtlinien f\u00fcr die Verleihung von Beitr\u00e4gen\u00a0gem\u00e4ss Stiftungsreglement<\/strong><\/p>\n<p><em>Wer kann ein Beitragsgesuch einreichen?<\/em><\/p>\n<ul>\n<li>Grunds\u00e4tzlich m\u00fcssen die Bewerberinnen und Bewerber mindestens die letzten drei\u00a0Schuljahre ihrer obligatorischen Schulzeit in der OS Kerzers besucht haben. Eine\u00a0Ausnahme kann in F\u00e4llen gemacht werden, in welchen die OS Kerzers die der\u00a0Begabung angepasste Ausbildung nicht anbietet (z.B. \u00dcbertritt in der 8. Klasse ins\u00a0Gymnasium).<\/li>\n<\/ul>\n<p><strong>Wie muss ein Gesuch gestellt werden?<\/strong><\/p>\n<ul>\n<li>Das Beitragsgesuch ist auf dem offiziellen Formular der Stiftung einzureichen. Dem\u00a0Gesuch sind Schulzeugnisse, Schulberichte und andere Leistungs-\u00a0\/Begabungsnachweise beizulegen.<\/li>\n<li>Das Berufs- oder Ausbildungsziel ist genau anzugeben.<\/li>\n<li>Der Ausbildungsplan, die voraussichtliche Ausbildungsdauer sowie der\u00a0Ausbildungsort und die Institution sind aufzuf\u00fchren.<\/li>\n<\/ul>\n<p><strong>Unter welchen Bedingungen werden Beitr\u00e4ge verliehen?<\/strong><\/p>\n<ul>\n<li>&#8211; Beitr\u00e4ge werden in der Regel f\u00fcr ein Jahr ausgerichtet, der Stiftungsrat entscheidet<br \/>\nvon Fall zu Fall \u00fcber m\u00f6gliche Verl\u00e4ngerungen.<\/li>\n<li>Der Stiftungsrat erwartet einen Bericht \u00fcber den Verlauf der Ausbildung.<\/li>\n<li>Die ausgerichteten Beitr\u00e4ge sind nicht zur\u00fcckzuzahlen.<\/li>\n<li>Ablehnende Entscheide des Stiftungsrates werden nicht begr\u00fcndet.<\/li>\n<\/ul>\n<p>Gesuche sind per 31. Juli oder 31. Dezember einzureichen.\u00a0Anmeldeformulare k\u00f6nnen unter oben erw\u00e4hnter Adresse, auf der Gemeindeverwaltung\u00a0Kerzers (Tel\u00a0031\/750 53 53) bezogen werden.<\/p>\n<h2>\n\t\tDownloads\n\t<\/h2>\n\t\t\t<a href=\"https:\/\/www.stiftungmuehlegutknecht.ch\/wp-content\/uploads\/2019\/03\/2015-01-23-Stiftung-M\u00fchle-Gutknecht-Richtlinien-Verleihung-Beitr\u00e4ge-Richtlinie.pdf\" target=\"_blank\" role=\"button\" rel=\"noopener noreferrer\" >\n\t\t\t\t\t\tPDF der Richtlinien\n\t\t\t\t\t<\/a>\n","protected":false},"excerpt":{"rendered":"<p>Stiftung M\u00fchle Gutknecht Richtlinien Die Stiftung f\u00f6rdert die Aus- und Weiterbildung begabter ehemaliger Sch\u00fclerinnen und\u00a0Sch\u00fcler der Orientierungsschule Kerzers (OS Kerzers). Sie richtet Beitr\u00e4ge aus f\u00fcr Aus-\u00a0und Weiterbildungen in allen Bereichen, zum Beispiel in akademischer, sozialer,\u00a0sportlicher, gewerblicher, k\u00fcnstlerischer oder technischer Richtung. Richtlinien f\u00fcr die Verleihung von Beitr\u00e4gen\u00a0gem\u00e4ss Stiftungsreglement Wer kann ein Beitragsgesuch einreichen? Grunds\u00e4tzlich m\u00fcssen die&hellip;<\/p>\n","protected":false},"author":1,"featured_media":0,"parent":0,"menu_order":0,"comment_status":"closed","ping_status":"closed","template":"","meta":{"footnotes":""},"class_list":["post-2","page","type-page","status-publish","hentry"],"_links":{"self":[{"href":"https:\/\/www.stiftungmuehlegutknecht.ch\/index.php?rest_route=\/wp\/v2\/pages\/2"}],"collection":[{"href":"https:\/\/www.stiftungmuehlegutknecht.ch\/index.php?rest_route=\/wp\/v2\/pages"}],"about":[{"href":"https:\/\/www.stiftungmuehlegutknecht.ch\/index.php?rest_route=\/wp\/v2\/types\/page"}],"author":[{"embeddable":true,"href":"https:\/\/www.stiftungmuehlegutknecht.ch\/index.php?rest_route=\/wp\/v2\/users\/1"}],"replies":[{"embeddable":true,"href":"https:\/\/www.stiftungmuehlegutknecht.ch\/index.php?rest_route=%2Fwp%2Fv2%2Fcomments&post=2"}],"version-history":[{"count":7,"href":"https:\/\/www.stiftungmuehlegutknecht.ch\/index.php?rest_route=\/wp\/v2\/pages\/2\/revisions"}],"predecessor-version":[{"id":99,"href":"https:\/\/www.stiftungmuehlegutknecht.ch\/index.php?rest_route=\/wp\/v2\/pages\/2\/revisions\/99"}],"wp:attachment":[{"href":"https:\/\/www.stiftungmuehlegutknecht.ch\/index.php?rest_route=%2Fwp%2Fv2%2Fmedia&parent=2"}],"curies":[{"name":"wp","href":"https:\/\/api.w.org\/{rel}","templated":true}]}}