{"id":16,"date":"2019-03-22T14:09:37","date_gmt":"2019-03-22T14:09:37","guid":{"rendered":"https:\/\/www.stiftungmuehlegutknecht.ch\/?page_id=16"},"modified":"2019-04-01T07:14:54","modified_gmt":"2019-04-01T07:14:54","slug":"home","status":"publish","type":"page","link":"https:\/\/www.stiftungmuehlegutknecht.ch\/","title":{"rendered":"Home"},"content":{"rendered":"\n\t\t\t\t<img loading=\"lazy\" decoding=\"async\" src=\"https:\/\/www.stiftungmuehlegutknecht.ch\/wp-content\/uploads\/2019\/03\/gutknecht_logo-e1553264046966.jpg\" alt=\"gutknecht_logo\" itemprop=\"image\" height=\"171\" width=\"163\" title=\"gutknecht_logo\" onerror=\"this.style.display='none'\"  \/>\n<h1>\n\t\tStiftung M\u00fchle Gutknecht\n\t<\/h1>\n\tDie Stiftung f\u00f6rdert die Aus- und Weiterbildung begabter ehemaliger Sch\u00fclerinnen und<br \/>\nSch\u00fcler der Orientierungsschule Kerzers (OS Kerzers).\n\tDie Stiftung richtet Beitr\u00e4ge aus f\u00fcr Aus-<br \/>\nund Weiterbildungen in allen Bereichen, zum Beispiel in akademischer, sozialer,<br \/>\nsportlicher, gewerblicher, k\u00fcnstlerischer oder technischer Richtung.\n\t<p>Die Stiftung verfolgt keinen kommerziellen oder gewinnorientierten Zweck. Sie ist non-profit.<\/p>\n\t\t\t\t<img loading=\"lazy\" decoding=\"async\" src=\"https:\/\/www.stiftungmuehlegutknecht.ch\/wp-content\/uploads\/2019\/03\/914314d3d6-e1553857133267.jpg\" alt=\"914314d3d6\" itemprop=\"image\" height=\"141\" width=\"175\" title=\"914314d3d6\" onerror=\"this.style.display='none'\"  \/>\n\t<p>Wo Sie uns finden:<\/p>\n<ul>\n<li>Gemeindeverwaltung Kerzers<\/li>\n<\/ul>\n<p>Das zugeh\u00f6rige Formular finden Sie auf dieser Website.<\/p>\n","protected":false},"excerpt":{"rendered":"<p>Stiftung M\u00fchle Gutknecht Die Stiftung f\u00f6rdert die Aus- und Weiterbildung begabter ehemaliger Sch\u00fclerinnen und Sch\u00fcler der Orientierungsschule Kerzers (OS Kerzers). Die Stiftung richtet Beitr\u00e4ge aus f\u00fcr Aus- und Weiterbildungen in allen Bereichen, zum Beispiel in akademischer, sozialer, sportlicher, gewerblicher, k\u00fcnstlerischer oder technischer Richtung. Die Stiftung verfolgt keinen kommerziellen oder gewinnorientierten Zweck. Sie ist non-profit. Wo&hellip;<\/p>\n","protected":false},"author":1,"featured_media":0,"parent":0,"menu_order":0,"comment_status":"closed","ping_status":"closed","template":"","meta":{"footnotes":""},"class_list":["post-16","page","type-page","status-publish","hentry"],"_links":{"self":[{"href":"https:\/\/www.stiftungmuehlegutknecht.ch\/index.php?rest_route=\/wp\/v2\/pages\/16"}],"collection":[{"href":"https:\/\/www.stiftungmuehlegutknecht.ch\/index.php?rest_route=\/wp\/v2\/pages"}],"about":[{"href":"https:\/\/www.stiftungmuehlegutknecht.ch\/index.php?rest_route=\/wp\/v2\/types\/page"}],"author":[{"embeddable":true,"href":"https:\/\/www.stiftungmuehlegutknecht.ch\/index.php?rest_route=\/wp\/v2\/users\/1"}],"replies":[{"embeddable":true,"href":"https:\/\/www.stiftungmuehlegutknecht.ch\/index.php?rest_route=%2Fwp%2Fv2%2Fcomments&post=16"}],"version-history":[{"count":7,"href":"https:\/\/www.stiftungmuehlegutknecht.ch\/index.php?rest_route=\/wp\/v2\/pages\/16\/revisions"}],"predecessor-version":[{"id":82,"href":"https:\/\/www.stiftungmuehlegutknecht.ch\/index.php?rest_route=\/wp\/v2\/pages\/16\/revisions\/82"}],"wp:attachment":[{"href":"https:\/\/www.stiftungmuehlegutknecht.ch\/index.php?rest_route=%2Fwp%2Fv2%2Fmedia&parent=16"}],"curies":[{"name":"wp","href":"https:\/\/api.w.org\/{rel}","templated":true}]}}